{"id":53,"date":"2023-05-25T16:58:29","date_gmt":"2023-05-25T14:58:29","guid":{"rendered":"http:\/\/gambeat-music.com\/?page_id=53"},"modified":"2023-09-09T05:24:36","modified_gmt":"2023-09-09T03:24:36","slug":"dj-gambeat","status":"publish","type":"page","link":"https:\/\/gambeat-music.com\/index.php\/dj-gambeat\/","title":{"rendered":"Dj Gambeat"},"content":{"rendered":"\t\t<div data-elementor-type=\"wp-page\" data-elementor-id=\"53\" class=\"elementor elementor-53\" data-elementor-post-type=\"page\">\n\t\t\t\t\t\t<section class=\"elementor-section elementor-top-section elementor-element elementor-element-b250f64 elementor-section-boxed elementor-section-height-default elementor-section-height-default elementor-invisible\" data-id=\"b250f64\" data-element_type=\"section\" data-e-type=\"section\" data-settings=\"{&quot;background_background&quot;:&quot;classic&quot;,&quot;animation&quot;:&quot;fadeIn&quot;}\">\n\t\t\t\t\t\t<div class=\"elementor-container elementor-column-gap-default\">\n\t\t\t\t\t<div class=\"elementor-column elementor-col-100 elementor-top-column elementor-element elementor-element-bbd599f\" data-id=\"bbd599f\" data-element_type=\"column\" data-e-type=\"column\">\n\t\t\t<div class=\"elementor-widget-wrap elementor-element-populated\">\n\t\t\t\t\t\t<div class=\"elementor-element elementor-element-91a71f3 elementor-widget elementor-widget-image\" data-id=\"91a71f3\" data-element_type=\"widget\" data-e-type=\"widget\" data-widget_type=\"image.default\">\n\t\t\t\t<div class=\"elementor-widget-container\">\n\t\t\t\t\t\t\t\t\t\t\t\t\t\t\t<img fetchpriority=\"high\" decoding=\"async\" width=\"500\" height=\"500\" src=\"https:\/\/gambeat-music.com\/wp-content\/uploads\/2023\/07\/gamb-solo-2.png\" class=\"attachment-large size-large wp-image-689\" alt=\"gamb solo 2\" srcset=\"https:\/\/gambeat-music.com\/wp-content\/uploads\/2023\/07\/gamb-solo-2.png 500w, https:\/\/gambeat-music.com\/wp-content\/uploads\/2023\/07\/gamb-solo-2-300x300.png 300w, https:\/\/gambeat-music.com\/wp-content\/uploads\/2023\/07\/gamb-solo-2-100x100.png 100w, https:\/\/gambeat-music.com\/wp-content\/uploads\/2023\/07\/gamb-solo-2-150x150.png 150w\" sizes=\"(max-width: 500px) 100vw, 500px\" \/>\t\t\t\t\t\t\t\t\t\t\t\t\t\t\t<\/div>\n\t\t\t\t<\/div>\n\t\t\t\t\t<\/div>\n\t\t<\/div>\n\t\t\t\t\t<\/div>\n\t\t<\/section>\n\t\t\t\t<section class=\"elementor-section elementor-top-section elementor-element elementor-element-437acda elementor-section-boxed elementor-section-height-default elementor-section-height-default\" data-id=\"437acda\" data-element_type=\"section\" data-e-type=\"section\">\n\t\t\t\t\t\t<div class=\"elementor-container elementor-column-gap-default\">\n\t\t\t\t\t<div class=\"elementor-column elementor-col-50 elementor-top-column elementor-element elementor-element-01e5c8e\" data-id=\"01e5c8e\" data-element_type=\"column\" data-e-type=\"column\">\n\t\t\t<div class=\"elementor-widget-wrap elementor-element-populated\">\n\t\t\t\t\t\t<div class=\"elementor-element elementor-element-ae336bf elementor-widget elementor-widget-image\" data-id=\"ae336bf\" data-element_type=\"widget\" data-e-type=\"widget\" data-widget_type=\"image.default\">\n\t\t\t\t<div class=\"elementor-widget-container\">\n\t\t\t\t\t\t\t\t\t\t\t\t\t\t\t<img decoding=\"async\" width=\"1024\" height=\"576\" src=\"https:\/\/gambeat-music.com\/wp-content\/uploads\/2023\/06\/COR0053-1024x576.jpg\" class=\"attachment-large size-large wp-image-354\" alt=\"dj gambeat radio bemba sound system\" srcset=\"https:\/\/gambeat-music.com\/wp-content\/uploads\/2023\/06\/COR0053-1024x576.jpg 1024w, https:\/\/gambeat-music.com\/wp-content\/uploads\/2023\/06\/COR0053-scaled-600x337.jpg 600w, https:\/\/gambeat-music.com\/wp-content\/uploads\/2023\/06\/COR0053-300x169.jpg 300w, https:\/\/gambeat-music.com\/wp-content\/uploads\/2023\/06\/COR0053-768x432.jpg 768w, https:\/\/gambeat-music.com\/wp-content\/uploads\/2023\/06\/COR0053-1536x864.jpg 1536w, https:\/\/gambeat-music.com\/wp-content\/uploads\/2023\/06\/COR0053-2048x1152.jpg 2048w\" sizes=\"(max-width: 1024px) 100vw, 1024px\" \/>\t\t\t\t\t\t\t\t\t\t\t\t\t\t\t<\/div>\n\t\t\t\t<\/div>\n\t\t\t\t\t<\/div>\n\t\t<\/div>\n\t\t\t\t<div class=\"elementor-column elementor-col-50 elementor-top-column elementor-element elementor-element-bd0b94b\" data-id=\"bd0b94b\" data-element_type=\"column\" data-e-type=\"column\">\n\t\t\t<div class=\"elementor-widget-wrap elementor-element-populated\">\n\t\t\t\t\t\t<div class=\"elementor-element elementor-element-69c00d1 elementor-widget elementor-widget-spacer\" data-id=\"69c00d1\" data-element_type=\"widget\" data-e-type=\"widget\" data-widget_type=\"spacer.default\">\n\t\t\t\t<div class=\"elementor-widget-container\">\n\t\t\t\t\t\t\t<div class=\"elementor-spacer\">\n\t\t\t<div class=\"elementor-spacer-inner\"><\/div>\n\t\t<\/div>\n\t\t\t\t\t\t<\/div>\n\t\t\t\t<\/div>\n\t\t\t\t<div class=\"elementor-element elementor-element-29e1ebe elementor-widget elementor-widget-text-editor\" data-id=\"29e1ebe\" data-element_type=\"widget\" data-e-type=\"widget\" data-widget_type=\"text-editor.default\">\n\t\t\t\t<div class=\"elementor-widget-container\">\n\t\t\t\t\t\t\t\t\t<p><b>Gambeat<\/b><span style=\"font-weight: 400;\"> est un musicien polyvalent qui a notamment \u00e9volu\u00e9 en tant que bassiste et contrebassiste au sein du groupe <\/span><b>Radio Bemba Sound System<\/b><span style=\"font-weight: 400;\">, aux c\u00f4t\u00e9s de la l\u00e9gende musicale <\/span><b>Manu Chao<\/b><span style=\"font-weight: 400;\">.<\/span><\/p><p><b>Radio Bemba, <\/b><span style=\"font-weight: 400;\">c\u2019est le nom donn\u00e9 <\/span><span style=\"font-weight: 400;\">par les r\u00e9volutionnaires cubains au syst\u00e8me du bouche-\u00e0-oreille<\/span><span style=\"font-weight: 400;\">, concept que le groupe a revisit\u00e9 en live, offrant au fil des ondes des exp\u00e9riences musicales vibrantes et inclusives. Entre Cara\u00efbes et Am\u00e9rique Latine, cette fusion unique de reggae, ska, punk, rock et de rythmes latinos a fait du Radio Bemba Sound System un collectif de premier rang.<\/span><\/p>\t\t\t\t\t\t\t\t<\/div>\n\t\t\t\t<\/div>\n\t\t\t\t\t<\/div>\n\t\t<\/div>\n\t\t\t\t\t<\/div>\n\t\t<\/section>\n\t\t\t\t<section class=\"elementor-section elementor-top-section elementor-element elementor-element-9c1248e elementor-section-boxed elementor-section-height-default elementor-section-height-default\" data-id=\"9c1248e\" data-element_type=\"section\" data-e-type=\"section\">\n\t\t\t\t\t\t<div class=\"elementor-container elementor-column-gap-default\">\n\t\t\t\t\t<div class=\"elementor-column elementor-col-100 elementor-top-column elementor-element elementor-element-c884eff\" data-id=\"c884eff\" data-element_type=\"column\" data-e-type=\"column\">\n\t\t\t<div class=\"elementor-widget-wrap elementor-element-populated\">\n\t\t\t\t\t\t<div class=\"elementor-element elementor-element-fc26262 elementor-widget elementor-widget-video\" data-id=\"fc26262\" data-element_type=\"widget\" data-e-type=\"widget\" data-settings=\"{&quot;youtube_url&quot;:&quot;https:\\\/\\\/youtu.be\\\/xZ_xNVnC8oM&quot;,&quot;video_type&quot;:&quot;youtube&quot;,&quot;controls&quot;:&quot;yes&quot;}\" data-widget_type=\"video.default\">\n\t\t\t\t<div class=\"elementor-widget-container\">\n\t\t\t\t\t\t\t<div class=\"elementor-wrapper elementor-open-inline\">\n\t\t\t<div class=\"elementor-video\"><\/div>\t\t<\/div>\n\t\t\t\t\t\t<\/div>\n\t\t\t\t<\/div>\n\t\t\t\t\t<\/div>\n\t\t<\/div>\n\t\t\t\t\t<\/div>\n\t\t<\/section>\n\t\t\t\t<section class=\"elementor-section elementor-top-section elementor-element elementor-element-3143788 elementor-section-full_width elementor-section-height-min-height elementor-section-items-stretch elementor-section-content-middle elementor-reverse-mobile elementor-reverse-tablet elementor-section-height-default\" data-id=\"3143788\" data-element_type=\"section\" data-e-type=\"section\" data-settings=\"{&quot;background_background&quot;:&quot;classic&quot;}\">\n\t\t\t\t\t\t<div class=\"elementor-container elementor-column-gap-no\">\n\t\t\t\t\t<div class=\"elementor-column elementor-col-50 elementor-top-column elementor-element elementor-element-bd64c22\" data-id=\"bd64c22\" data-element_type=\"column\" data-e-type=\"column\" data-settings=\"{&quot;background_background&quot;:&quot;classic&quot;}\">\n\t\t\t<div class=\"elementor-widget-wrap elementor-element-populated\">\n\t\t\t\t\t\t<div class=\"elementor-element elementor-element-610239d elementor-widget elementor-widget-spacer\" data-id=\"610239d\" data-element_type=\"widget\" data-e-type=\"widget\" data-widget_type=\"spacer.default\">\n\t\t\t\t<div class=\"elementor-widget-container\">\n\t\t\t\t\t\t\t<div class=\"elementor-spacer\">\n\t\t\t<div class=\"elementor-spacer-inner\"><\/div>\n\t\t<\/div>\n\t\t\t\t\t\t<\/div>\n\t\t\t\t<\/div>\n\t\t\t\t\t<\/div>\n\t\t<\/div>\n\t\t\t\t<div class=\"elementor-column elementor-col-50 elementor-top-column elementor-element elementor-element-1c98058\" data-id=\"1c98058\" data-element_type=\"column\" data-e-type=\"column\" data-settings=\"{&quot;background_background&quot;:&quot;classic&quot;}\">\n\t\t\t<div class=\"elementor-widget-wrap elementor-element-populated\">\n\t\t\t\t\t\t<div class=\"elementor-element elementor-element-d765735 elementor-widget elementor-widget-spacer\" data-id=\"d765735\" data-element_type=\"widget\" data-e-type=\"widget\" data-widget_type=\"spacer.default\">\n\t\t\t\t<div class=\"elementor-widget-container\">\n\t\t\t\t\t\t\t<div class=\"elementor-spacer\">\n\t\t\t<div class=\"elementor-spacer-inner\"><\/div>\n\t\t<\/div>\n\t\t\t\t\t\t<\/div>\n\t\t\t\t<\/div>\n\t\t\t\t\t<\/div>\n\t\t<\/div>\n\t\t\t\t\t<\/div>\n\t\t<\/section>\n\t\t\t\t<section class=\"elementor-section elementor-top-section elementor-element elementor-element-eaf249a elementor-section-boxed elementor-section-height-default elementor-section-height-default\" data-id=\"eaf249a\" data-element_type=\"section\" data-e-type=\"section\">\n\t\t\t\t\t\t<div class=\"elementor-container elementor-column-gap-default\">\n\t\t\t\t\t<div class=\"elementor-column elementor-col-100 elementor-top-column elementor-element elementor-element-f7251cb\" data-id=\"f7251cb\" data-element_type=\"column\" data-e-type=\"column\">\n\t\t\t<div class=\"elementor-widget-wrap elementor-element-populated\">\n\t\t\t\t\t\t<div class=\"elementor-element elementor-element-9cba490 elementor-widget elementor-widget-text-editor\" data-id=\"9cba490\" data-element_type=\"widget\" data-e-type=\"widget\" data-widget_type=\"text-editor.default\">\n\t\t\t\t<div class=\"elementor-widget-container\">\n\t\t\t\t\t\t\t\t\t<p><span style=\"font-weight: 400;\">Lors de leurs tourn\u00e9es m\u00e9morables, apr\u00e8s chaque concert, Gambeat troquait sa basse contre les platines et les samplers, souvent accompagn\u00e9 de Manu Chao aux percussions, pour continuer la f\u00eate avec le public. Sa musique \u00e9lectrisante rythmait u<\/span><b>ne fin de soir\u00e9e inoubliable et faisait danser la foule sans rel\u00e2che.<\/b><\/p><p><b>2017 <\/b><span style=\"font-weight: 400;\">a<\/span> <span style=\"font-weight: 400;\">marqu\u00e9 un nouveau chapitre dans la carri\u00e8re de <\/span><b>Gambeat<\/b><span style=\"font-weight: 400;\">, d\u00e9sormais <\/span><b>DJ<\/b><span style=\"font-weight: 400;\"> sous le nom de <\/span><b>Gambeat [Radio Bemba Sound System]<\/b><span style=\"font-weight: 400;\">. Il a continu\u00e9 \u00e0 explorer une vari\u00e9t\u00e9 de styles et d\u2019influences latines tout en conservant l\u2019esprit musical caract\u00e9ristique de Radio Bemba. Au cours des six derni\u00e8res ann\u00e9es, il a insuffl\u00e9 sa vision artistique \u00e0 ses projets, cr\u00e9ant ainsi une exp\u00e9rience sonore tout \u00e0 fait unique.<\/span><\/p><p><b>Gambeat <\/b><span style=\"font-weight: 400;\">est une figure marquante de la sc\u00e8ne musicale, offrant sa cr\u00e9ativit\u00e9 et son \u00e9nergie \u00e0 un public passionn\u00e9 qui continue de le soutenir dans son voyage musical.<\/span><\/p>\t\t\t\t\t\t\t\t<\/div>\n\t\t\t\t<\/div>\n\t\t\t\t\t<\/div>\n\t\t<\/div>\n\t\t\t\t\t<\/div>\n\t\t<\/section>\n\t\t\t\t<section class=\"elementor-section elementor-top-section elementor-element elementor-element-2132446 elementor-section-boxed elementor-section-height-default elementor-section-height-default elementor-invisible\" data-id=\"2132446\" data-element_type=\"section\" data-e-type=\"section\" data-settings=\"{&quot;animation&quot;:&quot;bounce&quot;}\">\n\t\t\t\t\t\t<div class=\"elementor-container elementor-column-gap-default\">\n\t\t\t\t\t<div class=\"elementor-column elementor-col-100 elementor-top-column elementor-element elementor-element-389b2f2\" data-id=\"389b2f2\" data-element_type=\"column\" data-e-type=\"column\">\n\t\t\t<div class=\"elementor-widget-wrap elementor-element-populated\">\n\t\t\t\t\t\t<div class=\"elementor-element elementor-element-1f7b5e0 elementor-align-center elementor-widget elementor-widget-button\" data-id=\"1f7b5e0\" data-element_type=\"widget\" data-e-type=\"widget\" data-widget_type=\"button.default\">\n\t\t\t\t<div class=\"elementor-widget-container\">\n\t\t\t\t\t\t\t\t\t<div class=\"elementor-button-wrapper\">\n\t\t\t\t\t<a class=\"elementor-button elementor-button-link elementor-size-sm\" href=\"https:\/\/gambeat-music.com\/index.php\/actualites\/\">\n\t\t\t\t\t\t<span class=\"elementor-button-content-wrapper\">\n\t\t\t\t\t\t\t\t\t<span class=\"elementor-button-text\">Suivre l'actualit\u00e9<\/span>\n\t\t\t\t\t<\/span>\n\t\t\t\t\t<\/a>\n\t\t\t\t<\/div>\n\t\t\t\t\t\t\t\t<\/div>\n\t\t\t\t<\/div>\n\t\t\t\t\t<\/div>\n\t\t<\/div>\n\t\t\t\t\t<\/div>\n\t\t<\/section>\n\t\t\t\t<\/div>\n\t\t","protected":false},"excerpt":{"rendered":"<p>Gambeat est un musicien polyvalent qui a notamment \u00e9volu\u00e9 en tant que bassiste et contrebassiste au sein du groupe Radio Bemba Sound System, aux c\u00f4t\u00e9s de la l\u00e9gende musicale Manu Chao. Radio Bemba, c\u2019est le nom donn\u00e9 par les r\u00e9volutionnaires cubains au syst\u00e8me du bouche-\u00e0-oreille, concept que le groupe a revisit\u00e9 en live, offrant au&#8230;<\/p>\n","protected":false},"author":1,"featured_media":354,"parent":0,"menu_order":0,"comment_status":"closed","ping_status":"closed","template":"","meta":{"_kad_post_transparent":"","_kad_post_title":"hide","_kad_post_layout":"fullwidth","_kad_post_sidebar_id":"","_kad_post_content_style":"unboxed","_kad_post_vertical_padding":"hide","_kad_post_feature":"hide","_kad_post_feature_position":"","_kad_post_header":false,"_kad_post_footer":false,"_kad_post_classname":"","footnotes":""},"class_list":["post-53","page","type-page","status-publish","has-post-thumbnail","hentry"],"yoast_head":"<!-- This site is optimized with the Yoast SEO plugin v27.1.1 - https:\/\/yoast.com\/product\/yoast-seo-wordpress\/ -->\n<title>Dj Gambeat - Gambeat - Site officiel<\/title>\n<meta name=\"description\" content=\"Gambeat Radio Bemba Sound System est un projet musical men\u00e9 par Gambeat, un ancien membre du groupe Radio Bemba Sound System (Manu Chao).\" \/>\n<meta name=\"robots\" content=\"index, follow, max-snippet:-1, max-image-preview:large, max-video-preview:-1\" \/>\n<link rel=\"canonical\" href=\"https:\/\/gambeat-music.com\/index.php\/dj-gambeat\/\" \/>\n<meta property=\"og:locale\" content=\"en_US\" \/>\n<meta property=\"og:type\" content=\"article\" \/>\n<meta property=\"og:title\" content=\"Dj Gambeat - Gambeat - Site officiel\" \/>\n<meta property=\"og:description\" content=\"Gambeat Radio Bemba Sound System est un projet musical men\u00e9 par Gambeat, un ancien membre du groupe Radio Bemba Sound System (Manu Chao).\" \/>\n<meta property=\"og:url\" content=\"https:\/\/gambeat-music.com\/index.php\/dj-gambeat\/\" \/>\n<meta property=\"og:site_name\" content=\"Gambeat\" \/>\n<meta property=\"article:modified_time\" content=\"2023-09-09T03:24:36+00:00\" \/>\n<meta property=\"og:image\" content=\"https:\/\/gambeat-music.com\/wp-content\/uploads\/2023\/06\/COR0053-scaled.jpg\" \/>\n\t<meta property=\"og:image:width\" content=\"2560\" \/>\n\t<meta property=\"og:image:height\" content=\"1439\" \/>\n\t<meta property=\"og:image:type\" content=\"image\/jpeg\" \/>\n<meta name=\"twitter:card\" content=\"summary_large_image\" \/>\n<meta name=\"twitter:label1\" content=\"Est. reading time\" \/>\n\t<meta name=\"twitter:data1\" content=\"2 minutes\" \/>\n<script type=\"application\/ld+json\" class=\"yoast-schema-graph\">{\"@context\":\"https:\/\/schema.org\",\"@graph\":[{\"@type\":\"WebPage\",\"@id\":\"https:\/\/gambeat-music.com\/index.php\/dj-gambeat\/\",\"url\":\"https:\/\/gambeat-music.com\/index.php\/dj-gambeat\/\",\"name\":\"Dj Gambeat - Gambeat - Site officiel\",\"isPartOf\":{\"@id\":\"https:\/\/gambeat-music.com\/#website\"},\"primaryImageOfPage\":{\"@id\":\"https:\/\/gambeat-music.com\/index.php\/dj-gambeat\/#primaryimage\"},\"image\":{\"@id\":\"https:\/\/gambeat-music.com\/index.php\/dj-gambeat\/#primaryimage\"},\"thumbnailUrl\":\"https:\/\/gambeat-music.com\/wp-content\/uploads\/2023\/06\/COR0053-scaled.jpg\",\"datePublished\":\"2023-05-25T14:58:29+00:00\",\"dateModified\":\"2023-09-09T03:24:36+00:00\",\"description\":\"Gambeat Radio Bemba Sound System est un projet musical men\u00e9 par Gambeat, un ancien membre du groupe Radio Bemba Sound System (Manu Chao).\",\"breadcrumb\":{\"@id\":\"https:\/\/gambeat-music.com\/index.php\/dj-gambeat\/#breadcrumb\"},\"inLanguage\":\"en-US\",\"potentialAction\":[{\"@type\":\"ReadAction\",\"target\":[\"https:\/\/gambeat-music.com\/index.php\/dj-gambeat\/\"]}]},{\"@type\":\"ImageObject\",\"inLanguage\":\"en-US\",\"@id\":\"https:\/\/gambeat-music.com\/index.php\/dj-gambeat\/#primaryimage\",\"url\":\"https:\/\/gambeat-music.com\/wp-content\/uploads\/2023\/06\/COR0053-scaled.jpg\",\"contentUrl\":\"https:\/\/gambeat-music.com\/wp-content\/uploads\/2023\/06\/COR0053-scaled.jpg\",\"width\":2560,\"height\":1439,\"caption\":\"dj gambeat radio bemba sound system\"},{\"@type\":\"BreadcrumbList\",\"@id\":\"https:\/\/gambeat-music.com\/index.php\/dj-gambeat\/#breadcrumb\",\"itemListElement\":[{\"@type\":\"ListItem\",\"position\":1,\"name\":\"Accueil\",\"item\":\"https:\/\/gambeat-music.com\/\"},{\"@type\":\"ListItem\",\"position\":2,\"name\":\"Dj Gambeat\"}]},{\"@type\":\"WebSite\",\"@id\":\"https:\/\/gambeat-music.com\/#website\",\"url\":\"https:\/\/gambeat-music.com\/\",\"name\":\"Gambeat\",\"description\":\"D\u00e9couvrez l&#039;univers de Gambeat !\",\"publisher\":{\"@id\":\"https:\/\/gambeat-music.com\/#\/schema\/person\/802911f5e95c9fb183893b6f67ad05bc\"},\"potentialAction\":[{\"@type\":\"SearchAction\",\"target\":{\"@type\":\"EntryPoint\",\"urlTemplate\":\"https:\/\/gambeat-music.com\/?s={search_term_string}\"},\"query-input\":{\"@type\":\"PropertyValueSpecification\",\"valueRequired\":true,\"valueName\":\"search_term_string\"}}],\"inLanguage\":\"en-US\"},{\"@type\":[\"Person\",\"Organization\"],\"@id\":\"https:\/\/gambeat-music.com\/#\/schema\/person\/802911f5e95c9fb183893b6f67ad05bc\",\"name\":\"Gambeat\",\"image\":{\"@type\":\"ImageObject\",\"inLanguage\":\"en-US\",\"@id\":\"https:\/\/gambeat-music.com\/#\/schema\/person\/image\/\",\"url\":\"https:\/\/gambeat-music.com\/wp-content\/uploads\/2025\/11\/cropped-ChatGPT-Image-21-nov.-2025-15_46_57.png\",\"contentUrl\":\"https:\/\/gambeat-music.com\/wp-content\/uploads\/2025\/11\/cropped-ChatGPT-Image-21-nov.-2025-15_46_57.png\",\"width\":1022,\"height\":376,\"caption\":\"Gambeat\"},\"logo\":{\"@id\":\"https:\/\/gambeat-music.com\/#\/schema\/person\/image\/\"},\"sameAs\":[\"http:\/\/gambeat-music.com\"]}]}<\/script>\n<!-- \/ Yoast SEO plugin. -->","yoast_head_json":{"title":"Dj Gambeat - Gambeat - Site officiel","description":"Gambeat Radio Bemba Sound System est un projet musical men\u00e9 par Gambeat, un ancien membre du groupe Radio Bemba Sound System (Manu Chao).","robots":{"index":"index","follow":"follow","max-snippet":"max-snippet:-1","max-image-preview":"max-image-preview:large","max-video-preview":"max-video-preview:-1"},"canonical":"https:\/\/gambeat-music.com\/index.php\/dj-gambeat\/","og_locale":"en_US","og_type":"article","og_title":"Dj Gambeat - Gambeat - Site officiel","og_description":"Gambeat Radio Bemba Sound System est un projet musical men\u00e9 par Gambeat, un ancien membre du groupe Radio Bemba Sound System (Manu Chao).","og_url":"https:\/\/gambeat-music.com\/index.php\/dj-gambeat\/","og_site_name":"Gambeat","article_modified_time":"2023-09-09T03:24:36+00:00","og_image":[{"width":2560,"height":1439,"url":"https:\/\/gambeat-music.com\/wp-content\/uploads\/2023\/06\/COR0053-scaled.jpg","type":"image\/jpeg"}],"twitter_card":"summary_large_image","twitter_misc":{"Est. reading time":"2 minutes"},"schema":{"@context":"https:\/\/schema.org","@graph":[{"@type":"WebPage","@id":"https:\/\/gambeat-music.com\/index.php\/dj-gambeat\/","url":"https:\/\/gambeat-music.com\/index.php\/dj-gambeat\/","name":"Dj Gambeat - Gambeat - Site officiel","isPartOf":{"@id":"https:\/\/gambeat-music.com\/#website"},"primaryImageOfPage":{"@id":"https:\/\/gambeat-music.com\/index.php\/dj-gambeat\/#primaryimage"},"image":{"@id":"https:\/\/gambeat-music.com\/index.php\/dj-gambeat\/#primaryimage"},"thumbnailUrl":"https:\/\/gambeat-music.com\/wp-content\/uploads\/2023\/06\/COR0053-scaled.jpg","datePublished":"2023-05-25T14:58:29+00:00","dateModified":"2023-09-09T03:24:36+00:00","description":"Gambeat Radio Bemba Sound System est un projet musical men\u00e9 par Gambeat, un ancien membre du groupe Radio Bemba Sound System (Manu Chao).","breadcrumb":{"@id":"https:\/\/gambeat-music.com\/index.php\/dj-gambeat\/#breadcrumb"},"inLanguage":"en-US","potentialAction":[{"@type":"ReadAction","target":["https:\/\/gambeat-music.com\/index.php\/dj-gambeat\/"]}]},{"@type":"ImageObject","inLanguage":"en-US","@id":"https:\/\/gambeat-music.com\/index.php\/dj-gambeat\/#primaryimage","url":"https:\/\/gambeat-music.com\/wp-content\/uploads\/2023\/06\/COR0053-scaled.jpg","contentUrl":"https:\/\/gambeat-music.com\/wp-content\/uploads\/2023\/06\/COR0053-scaled.jpg","width":2560,"height":1439,"caption":"dj gambeat radio bemba sound system"},{"@type":"BreadcrumbList","@id":"https:\/\/gambeat-music.com\/index.php\/dj-gambeat\/#breadcrumb","itemListElement":[{"@type":"ListItem","position":1,"name":"Accueil","item":"https:\/\/gambeat-music.com\/"},{"@type":"ListItem","position":2,"name":"Dj Gambeat"}]},{"@type":"WebSite","@id":"https:\/\/gambeat-music.com\/#website","url":"https:\/\/gambeat-music.com\/","name":"Gambeat","description":"D\u00e9couvrez l&#039;univers de Gambeat !","publisher":{"@id":"https:\/\/gambeat-music.com\/#\/schema\/person\/802911f5e95c9fb183893b6f67ad05bc"},"potentialAction":[{"@type":"SearchAction","target":{"@type":"EntryPoint","urlTemplate":"https:\/\/gambeat-music.com\/?s={search_term_string}"},"query-input":{"@type":"PropertyValueSpecification","valueRequired":true,"valueName":"search_term_string"}}],"inLanguage":"en-US"},{"@type":["Person","Organization"],"@id":"https:\/\/gambeat-music.com\/#\/schema\/person\/802911f5e95c9fb183893b6f67ad05bc","name":"Gambeat","image":{"@type":"ImageObject","inLanguage":"en-US","@id":"https:\/\/gambeat-music.com\/#\/schema\/person\/image\/","url":"https:\/\/gambeat-music.com\/wp-content\/uploads\/2025\/11\/cropped-ChatGPT-Image-21-nov.-2025-15_46_57.png","contentUrl":"https:\/\/gambeat-music.com\/wp-content\/uploads\/2025\/11\/cropped-ChatGPT-Image-21-nov.-2025-15_46_57.png","width":1022,"height":376,"caption":"Gambeat"},"logo":{"@id":"https:\/\/gambeat-music.com\/#\/schema\/person\/image\/"},"sameAs":["http:\/\/gambeat-music.com"]}]}},"_links":{"self":[{"href":"https:\/\/gambeat-music.com\/index.php\/wp-json\/wp\/v2\/pages\/53","targetHints":{"allow":["GET"]}}],"collection":[{"href":"https:\/\/gambeat-music.com\/index.php\/wp-json\/wp\/v2\/pages"}],"about":[{"href":"https:\/\/gambeat-music.com\/index.php\/wp-json\/wp\/v2\/types\/page"}],"author":[{"embeddable":true,"href":"https:\/\/gambeat-music.com\/index.php\/wp-json\/wp\/v2\/users\/1"}],"replies":[{"embeddable":true,"href":"https:\/\/gambeat-music.com\/index.php\/wp-json\/wp\/v2\/comments?post=53"}],"version-history":[{"count":81,"href":"https:\/\/gambeat-music.com\/index.php\/wp-json\/wp\/v2\/pages\/53\/revisions"}],"predecessor-version":[{"id":1544,"href":"https:\/\/gambeat-music.com\/index.php\/wp-json\/wp\/v2\/pages\/53\/revisions\/1544"}],"wp:featuredmedia":[{"embeddable":true,"href":"https:\/\/gambeat-music.com\/index.php\/wp-json\/wp\/v2\/media\/354"}],"wp:attachment":[{"href":"https:\/\/gambeat-music.com\/index.php\/wp-json\/wp\/v2\/media?parent=53"}],"curies":[{"name":"wp","href":"https:\/\/api.w.org\/{rel}","templated":true}]}}